{"id":1882,"date":"2024-05-26T19:00:35","date_gmt":"2024-05-26T18:00:35","guid":{"rendered":"https:\/\/rasfymaroccar.com\/?page_id=1882"},"modified":"2025-01-30T19:17:10","modified_gmt":"2025-01-30T18:17:10","slug":"contact-us","status":"publish","type":"page","link":"https:\/\/rasfymaroccar.com\/en\/contact-us\/","title":{"rendered":"Contact us"},"content":{"rendered":"\t\t<div data-elementor-type=\"wp-page\" data-elementor-id=\"1882\" class=\"elementor elementor-1882 elementor-434\" data-elementor-post-type=\"page\">\n\t\t\t\t<div class=\"elementor-element elementor-element-839c15a e-flex e-con-boxed e-con e-parent\" data-id=\"839c15a\" data-element_type=\"container\">\n\t\t\t\t\t<div class=\"e-con-inner\">\n\t\t\t\t<div class=\"elementor-element elementor-element-39273fb elementor-widget elementor-widget-heading\" data-id=\"39273fb\" data-element_type=\"widget\" data-widget_type=\"heading.default\">\n\t\t\t\t<div class=\"elementor-widget-container\">\n\t\t\t\t\t<h2 class=\"elementor-heading-title elementor-size-default\">Send us a message<\/h2>\t\t\t\t<\/div>\n\t\t\t\t<\/div>\n\t\t\t\t<div class=\"elementor-element elementor-element-44d92ca elementor-widget__width-initial elementor-widget elementor-widget-jet-form-builder-form\" data-id=\"44d92ca\" data-element_type=\"widget\" data-widget_type=\"jet-form-builder-form.default\">\n\t\t\t\t<div class=\"elementor-widget-container\">\n\t\t\t\t\t<link rel='stylesheet' id='wp-block-library-css' href='https:\/\/rasfymaroccar.com\/wp-includes\/css\/dist\/block-library\/style.min.css?ver=6.9.2' media='all' \/>\n<style id=\"jet-form-builder-620-inline-css\"><\/style><form  class=\"jet-form-builder layout-column submit-type-ajax\" action=\"https:\/\/rasfymaroccar.com\/en\/wp-json\/wp\/v2\/pages\/1882\/?6y65GC=282JPT4JB8f1&amp;method=reload\" method=\"POST\" data-form-id=\"620\" data-layout=\"column\" enctype=\"multipart\/form-data\" data-clear=\"1\" novalidate=\"null\" ssr_validation_method=\"rest\"><input type=\"hidden\" class=\"jet-form-builder__field hidden-field\" name=\"_jfb_csrf_token\" data-field-name=\"_jfb_csrf_token\" value=\"071d87b7668bf715d7841bffa49c0428\">\n\r\n<input type=\"hidden\" name=\"_jfb_current_render_states[]\" value=\"DEFAULT.STATE\" data-jfb-sync \/><input type=\"hidden\" class=\"jet-form-builder__field hidden-field\" name=\"_jet_engine_booking_form_id\" data-field-name=\"_jet_engine_booking_form_id\" value=\"620\">\n<input type=\"hidden\" class=\"jet-form-builder__field hidden-field\" name=\"_jet_engine_refer\" data-field-name=\"_jet_engine_refer\" value=\"https:\/\/rasfymaroccar.com\/en\/wp-json\/wp\/v2\/pages\/1882\/\">\n<input type=\"hidden\" class=\"jet-form-builder__field hidden-field\" name=\"__queried_post_id\" data-field-name=\"__queried_post_id\" value=\"1882\">\n<div  data-validation-type=\"inherit\" class=\"jet-form-builder-row field-type-text-field\" >\n<div class=\"jet-form-builder__label\">\r\n<div class=\"jet-form-builder__label-text\">Nom complet <span class=\"jet-form-builder__required\">*<\/span><\/div><\/div><div class=\"jet-form-builder__field-wrap\">\n\t\t\t\t<input required=\"required\" name=\"contact-full-name\" id=\"contact-full-name\" type=\"text\" data-field-name=\"contact-full-name\" class=\"jet-form-builder__field text-field\" data-jfb-sync=\"null\" autocomplete=\"off_ybdu5SLI\">\n\t\t\t\t\t<\/div>\n<\/div>\n\n<div  data-validation-type=\"inherit\" class=\"jet-form-builder-row field-type-text-field\" >\n<div class=\"jet-form-builder__label\">\r\n<div class=\"jet-form-builder__label-text\">Email <span class=\"jet-form-builder__required\">*<\/span><\/div><\/div><div class=\"jet-form-builder__field-wrap\">\n\t\t\t\t<input required=\"required\" name=\"contact-email\" id=\"contact-email\" type=\"email\" data-field-name=\"contact-email\" class=\"jet-form-builder__field text-field\" data-jfb-sync=\"null\" autocomplete=\"off_eqkfdtJx\">\n\t\t\t\t\t<\/div>\n<\/div>\n\n<div  data-validation-type=\"inherit\" class=\"jet-form-builder-row field-type-text-field\" >\n<div class=\"jet-form-builder__label\">\r\n<div class=\"jet-form-builder__label-text\">Num\u00e9ro de t\u00e9l\u00e9phone <span class=\"jet-form-builder__required\">*<\/span><\/div><\/div><div class=\"jet-form-builder__field-wrap\">\n\t\t\t\t<input required=\"required\" name=\"phone\" id=\"phone\" type=\"tel\" data-field-name=\"phone\" class=\"jet-form-builder__field text-field\" data-jfb-sync=\"null\" autocomplete=\"off_Baq0XO7N\">\n\t\t\t\t\t<\/div>\n<\/div>\n\n<div  data-validation-type=\"inherit\" class=\"jet-form-builder-row field-type-text-field\" >\n<div class=\"jet-form-builder__label\">\r\n<div class=\"jet-form-builder__label-text\">Sujet <span class=\"jet-form-builder__required\">*<\/span><\/div><\/div><div class=\"jet-form-builder__field-wrap\">\n\t\t\t\t<input required=\"required\" name=\"contact-subject\" id=\"contact-subject\" type=\"text\" data-field-name=\"contact-subject\" class=\"jet-form-builder__field text-field\" data-jfb-sync=\"null\" autocomplete=\"off_gUtxcd2P\">\n\t\t\t\t\t<\/div>\n<\/div>\n\n<div  data-validation-type=\"inherit\" class=\"jet-form-builder-row field-type-textarea-field\" >\n<div class=\"jet-form-builder__label\">\r\n<div class=\"jet-form-builder__label-text\">Message <span class=\"jet-form-builder__required\">*<\/span><\/div><\/div><div class=\"jet-form-builder__field-wrap\">\n\t\t<textarea class=\"jet-form-builder__field textarea-field\" required=\"required\" name=\"contact-message\" data-field-name=\"contact-message\" id=\"contact-message\" data-jfb-sync=\"null\"><\/textarea>\n\t<\/div>\n<\/div>\n\n<div class=\"jet-form-builder-row captcha-token-container\" data-validation-type=\"inherit\">\n\t<input type=\"hidden\" class=\"captcha-token\" name=\"_captcha_token\" value=\"\" data-jfb-sync required=\"required\">\n<\/div><div class=\"jfb-visually-hidden\" tabindex=\"-1\"><div class=\"jet-form-builder__field-wrap\">\n\t\t\t\t<input name=\"email\" id=\"email\" type=\"email\" data-field-name=\"email\" class=\"jet-form-builder__field text-field\" data-jfb-sync=\"null\" autocomplete=\"off_gMwsRneX\">\n\t\t\t\t\t<\/div><\/div><div  data-validation-type=\"inherit\" class=\"jet-form-builder-row field-type-submit-field\" >\n\t<div data-type=\"submit\" class=\"jet-form-builder__action-button-wrapper jet-form-builder__submit-wrap\">\n\t<button class=\"jet-form-builder__action-button jet-form-builder__submit submit-type-ajax\" type=\"submit\">Envoyer <\/button>\n\t<\/div>\n\t\n<\/div>\t<div class=\"jet-form-builder-messages-wrap\" data-form-id=\"620\"><\/div>\n<\/form>\n\t\t\t\t<\/div>\n\t\t\t\t<\/div>\n\t\t\t\t\t<\/div>\n\t\t\t\t<\/div>\n\t\t\t\t<\/div>\n\t\t","protected":false},"excerpt":{"rendered":"<p>Send us a message Nom complet * Email * Num\u00e9ro de t\u00e9l\u00e9phone * Sujet * Message * Envoyer<\/p>\n","protected":false},"author":5,"featured_media":0,"parent":0,"menu_order":0,"comment_status":"closed","ping_status":"closed","template":"","meta":{"_gspb_post_css":"","inline_featured_image":false,"footnotes":""},"class_list":["post-1882","page","type-page","status-publish","hentry"],"yoast_head":"<!-- This site is optimized with the Yoast SEO plugin v26.8 - https:\/\/yoast.com\/product\/yoast-seo-wordpress\/ -->\n<title>Contact us - Rasfy car<\/title>\n<meta name=\"robots\" content=\"index, follow, max-snippet:-1, max-image-preview:large, max-video-preview:-1\" \/>\n<meta property=\"og:locale\" content=\"en_US\" \/>\n<meta property=\"og:type\" content=\"article\" \/>\n<meta property=\"og:title\" content=\"Contact us - Rasfy car\" \/>\n<meta property=\"og:description\" content=\"Send us a message Nom complet * Email * Num\u00e9ro de t\u00e9l\u00e9phone * Sujet * Message * Envoyer\" \/>\n<meta property=\"og:url\" content=\"https:\/\/rasfymaroccar.com\/en\/contact-us\/\" \/>\n<meta property=\"og:site_name\" content=\"Rasfy car\" \/>\n<meta property=\"article:modified_time\" content=\"2025-01-30T18:17:10+00:00\" \/>\n<meta name=\"twitter:card\" content=\"summary_large_image\" \/>\n<script type=\"application\/ld+json\" class=\"yoast-schema-graph\">{\"@context\":\"https:\/\/schema.org\",\"@graph\":[{\"@type\":\"WebPage\",\"@id\":\"https:\/\/rasfymaroccar.com\/en\/contact-us\/\",\"url\":\"https:\/\/rasfymaroccar.com\/en\/contact-us\/\",\"name\":\"Contact us - Rasfy car\",\"isPartOf\":{\"@id\":\"https:\/\/rasfymaroccar.com\/en\/#website\"},\"datePublished\":\"2024-05-26T18:00:35+00:00\",\"dateModified\":\"2025-01-30T18:17:10+00:00\",\"breadcrumb\":{\"@id\":\"https:\/\/rasfymaroccar.com\/en\/contact-us\/#breadcrumb\"},\"inLanguage\":\"en-US\",\"potentialAction\":[{\"@type\":\"ReadAction\",\"target\":[\"https:\/\/rasfymaroccar.com\/en\/contact-us\/\"]}]},{\"@type\":\"BreadcrumbList\",\"@id\":\"https:\/\/rasfymaroccar.com\/en\/contact-us\/#breadcrumb\",\"itemListElement\":[{\"@type\":\"ListItem\",\"position\":1,\"name\":\"Accueil\",\"item\":\"https:\/\/rasfymaroccar.com\/en\/\"},{\"@type\":\"ListItem\",\"position\":2,\"name\":\"Contact us\"}]},{\"@type\":\"WebSite\",\"@id\":\"https:\/\/rasfymaroccar.com\/en\/#website\",\"url\":\"https:\/\/rasfymaroccar.com\/en\/\",\"name\":\"Rasfy Car\",\"description\":\"Car rental morocco\",\"publisher\":{\"@id\":\"https:\/\/rasfymaroccar.com\/en\/#organization\"},\"potentialAction\":[{\"@type\":\"SearchAction\",\"target\":{\"@type\":\"EntryPoint\",\"urlTemplate\":\"https:\/\/rasfymaroccar.com\/en\/?s={search_term_string}\"},\"query-input\":{\"@type\":\"PropertyValueSpecification\",\"valueRequired\":true,\"valueName\":\"search_term_string\"}}],\"inLanguage\":\"en-US\"},{\"@type\":\"Organization\",\"@id\":\"https:\/\/rasfymaroccar.com\/en\/#organization\",\"name\":\"Rasfy car\",\"url\":\"https:\/\/rasfymaroccar.com\/en\/\",\"logo\":{\"@type\":\"ImageObject\",\"inLanguage\":\"en-US\",\"@id\":\"https:\/\/rasfymaroccar.com\/en\/#\/schema\/logo\/image\/\",\"url\":\"https:\/\/rasfymaroccar.com\/wp-content\/uploads\/2026\/01\/cropped-logo-new-ras.jpg\",\"contentUrl\":\"https:\/\/rasfymaroccar.com\/wp-content\/uploads\/2026\/01\/cropped-logo-new-ras.jpg\",\"width\":512,\"height\":512,\"caption\":\"Rasfy car\"},\"image\":{\"@id\":\"https:\/\/rasfymaroccar.com\/en\/#\/schema\/logo\/image\/\"}}]}<\/script>\n<!-- \/ Yoast SEO plugin. -->","yoast_head_json":{"title":"Contact us - Rasfy car","robots":{"index":"index","follow":"follow","max-snippet":"max-snippet:-1","max-image-preview":"max-image-preview:large","max-video-preview":"max-video-preview:-1"},"og_locale":"en_US","og_type":"article","og_title":"Contact us - Rasfy car","og_description":"Send us a message Nom complet * Email * Num\u00e9ro de t\u00e9l\u00e9phone * Sujet * Message * Envoyer","og_url":"https:\/\/rasfymaroccar.com\/en\/contact-us\/","og_site_name":"Rasfy car","article_modified_time":"2025-01-30T18:17:10+00:00","twitter_card":"summary_large_image","schema":{"@context":"https:\/\/schema.org","@graph":[{"@type":"WebPage","@id":"https:\/\/rasfymaroccar.com\/en\/contact-us\/","url":"https:\/\/rasfymaroccar.com\/en\/contact-us\/","name":"Contact us - Rasfy car","isPartOf":{"@id":"https:\/\/rasfymaroccar.com\/en\/#website"},"datePublished":"2024-05-26T18:00:35+00:00","dateModified":"2025-01-30T18:17:10+00:00","breadcrumb":{"@id":"https:\/\/rasfymaroccar.com\/en\/contact-us\/#breadcrumb"},"inLanguage":"en-US","potentialAction":[{"@type":"ReadAction","target":["https:\/\/rasfymaroccar.com\/en\/contact-us\/"]}]},{"@type":"BreadcrumbList","@id":"https:\/\/rasfymaroccar.com\/en\/contact-us\/#breadcrumb","itemListElement":[{"@type":"ListItem","position":1,"name":"Accueil","item":"https:\/\/rasfymaroccar.com\/en\/"},{"@type":"ListItem","position":2,"name":"Contact us"}]},{"@type":"WebSite","@id":"https:\/\/rasfymaroccar.com\/en\/#website","url":"https:\/\/rasfymaroccar.com\/en\/","name":"Rasfy Car","description":"Car rental morocco","publisher":{"@id":"https:\/\/rasfymaroccar.com\/en\/#organization"},"potentialAction":[{"@type":"SearchAction","target":{"@type":"EntryPoint","urlTemplate":"https:\/\/rasfymaroccar.com\/en\/?s={search_term_string}"},"query-input":{"@type":"PropertyValueSpecification","valueRequired":true,"valueName":"search_term_string"}}],"inLanguage":"en-US"},{"@type":"Organization","@id":"https:\/\/rasfymaroccar.com\/en\/#organization","name":"Rasfy car","url":"https:\/\/rasfymaroccar.com\/en\/","logo":{"@type":"ImageObject","inLanguage":"en-US","@id":"https:\/\/rasfymaroccar.com\/en\/#\/schema\/logo\/image\/","url":"https:\/\/rasfymaroccar.com\/wp-content\/uploads\/2026\/01\/cropped-logo-new-ras.jpg","contentUrl":"https:\/\/rasfymaroccar.com\/wp-content\/uploads\/2026\/01\/cropped-logo-new-ras.jpg","width":512,"height":512,"caption":"Rasfy car"},"image":{"@id":"https:\/\/rasfymaroccar.com\/en\/#\/schema\/logo\/image\/"}}]}},"_links":{"self":[{"href":"https:\/\/rasfymaroccar.com\/en\/wp-json\/wp\/v2\/pages\/1882","targetHints":{"allow":["GET"]}}],"collection":[{"href":"https:\/\/rasfymaroccar.com\/en\/wp-json\/wp\/v2\/pages"}],"about":[{"href":"https:\/\/rasfymaroccar.com\/en\/wp-json\/wp\/v2\/types\/page"}],"author":[{"embeddable":true,"href":"https:\/\/rasfymaroccar.com\/en\/wp-json\/wp\/v2\/users\/5"}],"replies":[{"embeddable":true,"href":"https:\/\/rasfymaroccar.com\/en\/wp-json\/wp\/v2\/comments?post=1882"}],"version-history":[{"count":0,"href":"https:\/\/rasfymaroccar.com\/en\/wp-json\/wp\/v2\/pages\/1882\/revisions"}],"wp:attachment":[{"href":"https:\/\/rasfymaroccar.com\/en\/wp-json\/wp\/v2\/media?parent=1882"}],"curies":[{"name":"wp","href":"https:\/\/api.w.org\/{rel}","templated":true}]}}